{"id":297,"date":"2024-02-07T21:29:45","date_gmt":"2024-02-07T18:29:45","guid":{"rendered":"https:\/\/gabija.metamark-dev.com\/puslapio-pavyzdys\/"},"modified":"2024-11-15T15:34:15","modified_gmt":"2024-11-15T12:34:15","slug":"puslapio-pavyzdys","status":"publish","type":"page","link":"https:\/\/gabija.metamark-dev.com\/en\/","title":{"rendered":"Home"},"content":{"rendered":"<section class=\"l-section wpb_row us_custom_02d4d4c7 height_large full_height valign_center with_img with_video\"><div class=\"l-section-img\" role=\"img\" data-img-width=\"800\" data-img-height=\"600\" style=\"background-image: url(https:\/\/gabija.metamark-dev.com\/wp-content\/uploads\/metamark-theme-thumbnail.png);\"><\/div><div class=\"l-section-video\" id=\"us_bg_video_oe15\"><style>@media(max-width:300px){#us_bg_video_oe15{display:none!important}}<\/style><video  autoplay loop muted playsinline preload=\"auto\"><source type=\"video\/mp4\" src=\"https:\/\/astuonkojis.gabijagrusaite.com\/wp-content\/uploads\/OctoWebLoop_H.265-A-4k-1.mp4\" \/><\/video><\/div><div class=\"l-section-h i-cf\"><div class=\"g-cols vc_row via_grid cols_1 laptops-cols_inherit tablets-cols_inherit mobiles-cols_1 valign_top type_default stacking_default\"><div class=\"wpb_column vc_column_container\"><div class=\"vc_column-inner\"><div class=\"w-image us_custom_fdd55b78 align_center\"><div class=\"w-image-h\"><img decoding=\"async\" src=\"https:\/\/gabija.metamark-dev.com\/wp-content\/uploads\/20240201_hero-1.svg\" class=\"attachment-full size-full\" alt=\"\" \/><\/div><\/div><div class=\"w-btn-wrapper align_center\"><a class=\"w-btn us-btn-style_1 us_custom_4b38a0cd\" href=\"https:\/\/astuonkojis.gabijagrusaite.com\/\"><span class=\"w-btn-label\">Learn more<\/span><\/a><\/div><\/div><\/div><\/div><\/div><\/section><section class=\"l-section wpb_row height_large\" id=\"about\"><div class=\"l-section-h i-cf\"><div class=\"g-cols vc_row via_grid cols_2 laptops-cols_inherit tablets-cols_inherit mobiles-cols_1 valign_top type_default stacking_default\" style=\"--gap:5rem;--laptops-gap:5rem;--tablets-gap:5rem;--mobiles-gap:3rem;\"><div class=\"wpb_column vc_column_container type_sticky\"><div class=\"vc_column-inner\"><div class=\"w-image align_center\"><div class=\"w-image-h\"><img loading=\"lazy\" decoding=\"async\" width=\"697\" height=\"871\" src=\"https:\/\/gabija.metamark-dev.com\/wp-content\/uploads\/gabija_grusaite.png\" class=\"attachment-large size-large\" alt=\"\" srcset=\"https:\/\/gabija.metamark-dev.com\/wp-content\/uploads\/gabija_grusaite.png 697w, https:\/\/gabija.metamark-dev.com\/wp-content\/uploads\/gabija_grusaite-240x300.png 240w\" sizes=\"(max-width: 697px) 100vw, 697px\" \/><\/div><\/div><\/div><\/div><div class=\"wpb_column vc_column_container us_custom_417d81f7 us_animate_this\"><div class=\"vc_column-inner\"><div class=\"w-hwrapper valign_top align_none\" style=\"--hwrapper-gap:0.7rem\"><div class=\"w-separator us_custom_10b67fbb size_custom with_line width_default thick_1 style_solid color_border align_center\" style=\"height:0.8rem\"><div class=\"w-separator-h\"><\/div><\/div><div class=\"w-text us_custom_4acc5e7b\"><span class=\"w-text-h\"><span class=\"w-text-value\">Apie<\/span><\/span><\/div><\/div><div class=\"w-separator size_custom\" style=\"height:1.8vmax\"><\/div><h2 class=\"w-text\"><span class=\"w-text-h\"><span class=\"w-text-value\">Gabija Gru\u0161ait\u0117<\/span><\/span><\/h2><div class=\"wpb_text_column us_custom_157724e7\"><div class=\"wpb_wrapper\"><p>Ra\u0161ytoja Gabija Gru\u0161ait\u0117 gim\u0117 Vilniuje, studijavo medijas ir antropologij\u0105 Londone, septynerius metus gyveno Malaizijoje, kur \u012fsteig\u0117 nepriklausom\u0105 meno centr\u0105 Hin Bus Depot. Gabija yra i\u0161leidusi tris romanus \u2013 \u201eNei\u0161sipildymas\u201c (2010, 2020), \u201eStasys \u0160altoka: vieneri metai\u201c (2017) ir \u201eGrybo Sapnas\u201c (2023)<\/p>\n<\/div><\/div><div class=\"w-separator size_custom with_line width_default thick_1 style_solid color_border align_center\" style=\"height:5vmax\"><div class=\"w-separator-h\"><\/div><\/div><h6 class=\"w-text\"><span class=\"w-text-h\"><span class=\"w-text-value\">Interviu su autore:<\/span><\/span><\/h6><div class=\"wpb_text_column author-interview\"><div class=\"wpb_wrapper\"><p class=\"at-pera2\">Be kauki\u0173. Gabija Gru\u0161ait\u0117: m\u016bs\u0173 traumos yra k\u016bno atmintis, keliaujanti per tris kartas, kalbino\u00a0<a href=\"https:\/\/www.lrt.lt\/mediateka\/irasas\/2000307799\/be-kaukiu-gabija-grusaite-musu-traumos-yra-kuno-atmintis-keliaujanti-per-tris-kartas\" target=\"_blank\" rel=\"noopener\">Jolanta Kry\u017eevi\u010dien\u0117, LRT\u00a0Klasika<\/a><\/p>\n<p class=\"at-pera2\">Gabija Gru\u0161ait\u0117:\u00a0<a href=\"https:\/\/www.delfi.lt\/kultura\/naujienos\/rasytoja-gabija-grusaite-kodel-neskaitome-lietuviu-literaturos-94584405\" target=\"_blank\" rel=\"noopener\">kod\u0117l neskaitome lietuvi\u0173 literat\u016bros?<\/a><\/p>\n<p class=\"at-pera2\">K\u0105 daryti, kai tau 30, turi but\u0105 presti\u017einiame rajone, kaln\u0105 instagramo sek\u0117j\u0173, bet viduje \u2013 tu\u0161\u010dia, kalbino\u00a0<a href=\"https:\/\/www.moteris.lt\/lt\/veidai\/g-28095-ka-daryti-kai-tau-30-turi-buta-prestiziniame-rajone-kalna-instagramo-sekeju-bet-viduje-tuscia\" target=\"_blank\" rel=\"noopener\">Karolis Vy\u0161niauskas, Moteris.lt<\/a><\/p>\n<p class=\"at-pera2\">Ra\u0161ytoja Gabija Gru\u0161ait\u0117 apie savo roman\u0105 \u201eStasys \u0160altoka. Vieneri metai\u201c, kalbino\u00a0<a href=\"https:\/\/www.lrt.lt\/mediateka\/irasas\/1013703958\/ryto-allegro-2018-10-10-08-08\" target=\"_blank\" rel=\"noopener\">Irma Kaminskait\u0117, LRT KLASIKA radijo laida Ryto Allegro<\/a><\/p>\n<p class=\"at-pera2\">G. Gru\u0161ait\u0117: mokykla i\u0161moko bijoti lietuvi\u0173 literat\u016bros, kalbino\u00a0<a href=\"https:\/\/neringafm.lt\/news\/life-improvers\/g-grusaite\/\" target=\"_blank\" rel=\"noopener\">Tomas V\u0117jas \u010ci\u017emakovas, Neringa FM radijo laida<\/a><\/p>\n<p class=\"at-pera2\">Svetur ver\u017eiasi ir Gabija Gru\u0161ait\u0117, ir jos romanas, ir knygos herojus, kalbino\u00a0<a href=\"https:\/\/www.lrytas.lt\/kultura\/literatura\/2017\/11\/21\/news\/svetur-verziasi-ir-gabija-grusaite-ir-jos-romanas-ir-knygos-herojus-3584577\/\" target=\"_blank\" rel=\"noopener\">Ram\u016bnas Gerbutavi\u010dius, Lrytas.lt<\/a><\/p>\n<p class=\"at-pera2\">Menas be klaustrofobijos. Pokalbis su Gabija GRU\u0160AITE, kalbino\u00a0<a href=\"https:\/\/literaturairmenas.lt\/daile\/menas-be-klaustrofobijos-pokalbis-su-gabija-grusaite\" target=\"_blank\" rel=\"noopener\">Karolis Vy\u0161niauskas, Literat\u016bra ir menas<\/a><\/p>\n<p class=\"at-pera2\">Debiutuojanti ra\u0161ytoja G.Gru\u0161ait\u0117: \u201eKnygos ra\u0161ymas &#8211; sunkus procesas&#8221;, kalbino\u00a0<a href=\"https:\/\/laikas.tv3.lt\/lt\/info\/3915\/debiutuojanti-rasytoja-ggrusaite-knygos-rasymas-sunkus-procesas-interviu\/\" target=\"_blank\" rel=\"noopener\">Rasa Bar\u010dait\u0117, Laikas.lt<\/a><\/p>\n<p class=\"at-pera2\">Gabija Gru\u0161ait\u0117: a\u0161 esu steb\u0117toja, kalbino<a href=\"https:\/\/www.nemunas.press\/straipsniai\/gabija-grusaite-as-esu-stebetoja\/\" target=\"_blank\" rel=\"noopener\">\u00a0Erika Drungyt\u0117, Nemunas<\/a><\/p>\n<\/div><\/div><\/div><\/div><\/div><\/div><\/section><section class=\"l-section wpb_row us_custom_6e21832d height_large\" id=\"books\"><div class=\"l-section-h i-cf\"><div class=\"g-cols vc_row via_grid cols_1 laptops-cols_inherit tablets-cols_inherit mobiles-cols_1 valign_top type_default stacking_default\"><div class=\"wpb_column vc_column_container\"><div class=\"vc_column-inner\"><div class=\"g-cols wpb_row via_grid cols_1 laptops-cols_inherit tablets-cols_inherit mobiles-cols_1 valign_top type_default stacking_default\" style=\"--gap:2rem;\"><div class=\"wpb_column vc_column_container\"><div class=\"vc_column-inner\"><h2 class=\"w-text\"><span class=\"w-text-h\"><span class=\"w-text-value\">Autor\u0117s knygos<\/span><\/span><\/h2><\/div><\/div><\/div><div class=\"w-separator size_custom\" style=\"height:3vmax\"><\/div><div class=\"w-grid type_grid layout_41 cols_3 overflow_hidden\" id=\"us_grid_1\" style=\"--gap:0.7rem;\" data-filterable=\"true\"><style>@media (max-width:1024px){#us_grid_1 .w-grid-item{width:50%}}@media (max-width:600px){#us_grid_1 .w-grid-item{width:50%}}.layout_41 .w-grid-item-h{}.layout_41 .usg_post_image_1{transition-duration:0.3s;transform-origin:50% 50%;transform:scale(1) translate(0%,0%)}.layout_41 .w-grid-item-h:hover .usg_post_image_1{transform:scale(1.01) translate(0%,0%);opacity:1}.layout_41 .usg_vwrapper_1{transition-duration:0.3s;transform-origin:50% 50%;transform:scale(1) translate(0%,0%)}.layout_41 .w-grid-item-h:hover .usg_vwrapper_1{transform:scale(1) translate(0%,2%);opacity:1}.layout_41 .usg_post_custom_field_2{transition-duration:0.3s;transform-origin:50% 50%;transform:scale(1) translate(0%,0%)}.layout_41 .w-grid-item-h:hover .usg_post_custom_field_2{transform:scale(1.02) translate(0%,-2px);opacity:1}.layout_41 .usg_vwrapper_1{padding:0.7vmax 0 0.7vmax 0!important}.layout_41 .usg_post_title_1{font-size:1rem!important;letter-spacing:0.03em!important;font-weight:500!important;text-transform:uppercase!important}.layout_41 .usg_post_custom_field_1{font-size:0.9rem!important}.layout_41 .usg_post_custom_field_2{color:var(--color-content-bg)!important;font-size:0.8rem!important;letter-spacing:0.03em!important;text-transform:uppercase!important;position:absolute!important;left:0!important;top:0!important;z-index:111!important;background:var(--color-content-heading)!important;padding:0.2vmax 0.6vmax 0.2vmax 0.6vmax!important}@media (min-width:1025px) and (max-width:1380px){.layout_41 .usg_vwrapper_1{padding:0.7vmax 0 0.7vmax 0!important}.layout_41 .usg_post_title_1{font-size:1rem!important;letter-spacing:0.03em!important;font-weight:500!important;text-transform:uppercase!important}.layout_41 .usg_post_custom_field_1{font-size:0.9rem!important}.layout_41 .usg_post_custom_field_2{color:var(--color-content-bg)!important;font-size:0.8rem!important;letter-spacing:0.03em!important;text-transform:uppercase!important;position:absolute!important;left:0!important;top:0!important;z-index:111!important;background:var(--color-content-heading)!important;padding:0.2vmax 0.6vmax 0.2vmax 0.6vmax!important}}@media (min-width:601px) and (max-width:1024px){.layout_41 .usg_vwrapper_1{padding:0.7vmax 0 0.7vmax 0!important}.layout_41 .usg_post_title_1{font-size:1rem!important;letter-spacing:0.03em!important;font-weight:500!important;text-transform:uppercase!important}.layout_41 .usg_post_custom_field_1{font-size:0.9rem!important}.layout_41 .usg_post_custom_field_2{color:var(--color-content-bg)!important;font-size:0.8rem!important;letter-spacing:0.03em!important;text-transform:uppercase!important;position:absolute!important;left:0!important;top:0!important;z-index:111!important;background:var(--color-content-heading)!important;padding:0.2vmax 0.6vmax 0.2vmax 0.6vmax!important}}@media (max-width:600px){.layout_41 .usg_vwrapper_1{padding:0.7vmax 0 0.7vmax 0!important}.layout_41 .usg_post_title_1{font-size:1rem!important;letter-spacing:0.03em!important;font-weight:500!important;text-transform:uppercase!important}.layout_41 .usg_post_custom_field_1{font-size:0.9rem!important}.layout_41 .usg_post_custom_field_2{color:var(--color-content-bg)!important;font-size:0.8rem!important;letter-spacing:0.03em!important;text-transform:uppercase!important;position:absolute!important;left:0!important;top:0!important;z-index:111!important;background:var(--color-content-heading)!important;padding:0.2vmax 0.6vmax 0.2vmax 0.6vmax!important}}<\/style><div class=\"w-grid-list\">\t<article class=\"w-grid-item size_1x1 custom-link post-310 post type-post status-publish format-standard has-post-thumbnail hentry category-books\" data-id=\"310\">\r\n\t\t<div class=\"w-grid-item-h\">\r\n\t\t\t\t\t\t\t<a target=\"_blank\" href=\"https:\/\/www.leidyklalapas.lt\/products\/grybo-sapnas\"><\/a>\r\n\t\t\t\t\t\t<div class=\"w-vwrapper usg_vwrapper_2 align_none valign_top\"><div class=\"w-post-elm post_image usg_post_image_1 has_ratio\"><div style=\"padding-bottom:100%\"><\/div><a href=\"https:\/\/gabija.metamark-dev.com\/en\/grybo-sapnas\/\" aria-label=\"Grybo sapnas\"><img loading=\"lazy\" decoding=\"async\" width=\"1024\" height=\"1024\" src=\"https:\/\/gabija.metamark-dev.com\/wp-content\/uploads\/Grybo-sapnas_1080x1080_1-1024x1024.webp\" class=\"attachment-large size-large wp-post-image\" alt=\"\" srcset=\"https:\/\/gabija.metamark-dev.com\/wp-content\/uploads\/Grybo-sapnas_1080x1080_1-1024x1024.webp 1024w, https:\/\/gabija.metamark-dev.com\/wp-content\/uploads\/Grybo-sapnas_1080x1080_1-300x300.webp 300w, https:\/\/gabija.metamark-dev.com\/wp-content\/uploads\/Grybo-sapnas_1080x1080_1-150x150.webp 150w, https:\/\/gabija.metamark-dev.com\/wp-content\/uploads\/Grybo-sapnas_1080x1080_1.webp 1080w\" sizes=\"(max-width: 1024px) 100vw, 1024px\" \/><\/a><\/div><\/div><div class=\"w-vwrapper usg_vwrapper_1 align_none valign_middle\" style=\"--vwrapper-gap:0.3rem\"><div class=\"w-post-elm post_title usg_post_title_1 entry-title color_link_inherit\"><a href=\"https:\/\/gabija.metamark-dev.com\/en\/grybo-sapnas\/\">Grybo sapnas<\/a><\/div><div class=\"w-post-elm post_custom_field usg_post_custom_field_1 type_text short_description color_link_inherit\"><a href=\"https:\/\/gabija.metamark-dev.com\/en\/grybo-sapnas\/\"><span class=\"w-post-elm-value\">Grybo sapnas \u2013 tai romanas apie \u017emones, pasiklydusius savo vidiniuose labirintuose.<\/span><\/a><\/div><\/div><div class=\"w-post-elm post_custom_field usg_post_custom_field_2 has_text_color type_text new_book color_link_inherit\"><span class=\"w-post-elm-value\">NAUJIENA<\/span><\/div>\t\t<\/div>\r\n\t<\/article>\r\n\t<article class=\"w-grid-item size_1x1 custom-link post-309 post type-post status-publish format-standard has-post-thumbnail hentry category-books\" data-id=\"309\">\r\n\t\t<div class=\"w-grid-item-h\">\r\n\t\t\t\t\t\t\t<a href=\"https:\/\/www.leidyklalapas.lt\/products\/grozis-ir-heizelis\"><\/a>\r\n\t\t\t\t\t\t<div class=\"w-vwrapper usg_vwrapper_2 align_none valign_top\"><div class=\"w-post-elm post_image usg_post_image_1 has_ratio\"><div style=\"padding-bottom:100%\"><\/div><a href=\"https:\/\/gabija.metamark-dev.com\/en\/grozis-ir-heizelis\/\" aria-label=\"Gro\u017eis ir Heizelis\"><img loading=\"lazy\" decoding=\"async\" width=\"1024\" height=\"1024\" src=\"https:\/\/gabija.metamark-dev.com\/wp-content\/uploads\/Grozis_ir_Heizelis-DSC_2189-WEB-1024x1024.webp\" class=\"attachment-large size-large wp-post-image\" alt=\"\" srcset=\"https:\/\/gabija.metamark-dev.com\/wp-content\/uploads\/Grozis_ir_Heizelis-DSC_2189-WEB-1024x1024.webp 1024w, https:\/\/gabija.metamark-dev.com\/wp-content\/uploads\/Grozis_ir_Heizelis-DSC_2189-WEB-300x300.webp 300w, https:\/\/gabija.metamark-dev.com\/wp-content\/uploads\/Grozis_ir_Heizelis-DSC_2189-WEB-150x150.webp 150w\" sizes=\"(max-width: 1024px) 100vw, 1024px\" \/><\/a><\/div><\/div><div class=\"w-vwrapper usg_vwrapper_1 align_none valign_middle\" style=\"--vwrapper-gap:0.3rem\"><div class=\"w-post-elm post_title usg_post_title_1 entry-title color_link_inherit\"><a href=\"https:\/\/gabija.metamark-dev.com\/en\/grozis-ir-heizelis\/\">Gro\u017eis ir Heizelis<\/a><\/div><div class=\"w-post-elm post_custom_field usg_post_custom_field_1 type_text short_description color_link_inherit\"><a href=\"https:\/\/gabija.metamark-dev.com\/en\/grozis-ir-heizelis\/\"><span class=\"w-post-elm-value\">For Children all over the world - a tale about the Good Life - about Eternal changes and the beauty in them<\/span><\/a><\/div><\/div>\t\t<\/div>\r\n\t<\/article>\r\n\t<article class=\"w-grid-item size_1x1 custom-link post-308 post type-post status-publish format-standard has-post-thumbnail hentry category-books\" data-id=\"308\">\r\n\t\t<div class=\"w-grid-item-h\">\r\n\t\t\t\t\t\t\t<a href=\"https:\/\/www.leidyklalapas.lt\/products\/neissipildymas-gabija-grusaite-f\"><\/a>\r\n\t\t\t\t\t\t<div class=\"w-vwrapper usg_vwrapper_2 align_none valign_top\"><div class=\"w-post-elm post_image usg_post_image_1 has_ratio\"><div style=\"padding-bottom:100%\"><\/div><a href=\"https:\/\/gabija.metamark-dev.com\/en\/neissipildymas\/\" aria-label=\"Nei\u0161sipildymas\"><img loading=\"lazy\" decoding=\"async\" width=\"1024\" height=\"682\" src=\"https:\/\/gabija.metamark-dev.com\/wp-content\/uploads\/Neissipildymas-1024x682.jpg\" class=\"attachment-large size-large wp-post-image\" alt=\"\" srcset=\"https:\/\/gabija.metamark-dev.com\/wp-content\/uploads\/Neissipildymas-1024x682.jpg 1024w, https:\/\/gabija.metamark-dev.com\/wp-content\/uploads\/Neissipildymas-300x200.jpg 300w, https:\/\/gabija.metamark-dev.com\/wp-content\/uploads\/Neissipildymas.jpg 1280w\" sizes=\"(max-width: 1024px) 100vw, 1024px\" \/><\/a><\/div><\/div><div class=\"w-vwrapper usg_vwrapper_1 align_none valign_middle\" style=\"--vwrapper-gap:0.3rem\"><div class=\"w-post-elm post_title usg_post_title_1 entry-title color_link_inherit\"><a href=\"https:\/\/gabija.metamark-dev.com\/en\/neissipildymas\/\">Nei\u0161sipildymas<\/a><\/div><div class=\"w-post-elm post_custom_field usg_post_custom_field_1 type_text short_description color_link_inherit\"><a href=\"https:\/\/gabija.metamark-dev.com\/en\/neissipildymas\/\"><span class=\"w-post-elm-value\">\"Unfulfillment\" is a novel about people who tirelessly search for themselves in love and unfulfillment.<\/span><\/a><\/div><\/div>\t\t<\/div>\r\n\t<\/article>\r\n\t<article class=\"w-grid-item size_1x1 custom-link post-307 post type-post status-publish format-standard has-post-thumbnail hentry category-books\" data-id=\"307\">\r\n\t\t<div class=\"w-grid-item-h\">\r\n\t\t\t\t\t\t\t<a href=\"https:\/\/payhip.com\/b\/k9YA\"><\/a>\r\n\t\t\t\t\t\t<div class=\"w-vwrapper usg_vwrapper_2 align_none valign_top\"><div class=\"w-post-elm post_image usg_post_image_1 has_ratio\"><div style=\"padding-bottom:100%\"><\/div><a href=\"https:\/\/gabija.metamark-dev.com\/en\/cold-east\/\" aria-label=\"Cold East\"><img loading=\"lazy\" decoding=\"async\" width=\"1024\" height=\"683\" src=\"https:\/\/gabija.metamark-dev.com\/wp-content\/uploads\/COLD-EAST_SSen_Cold-East-foto-1-1024x683.jpg\" class=\"attachment-large size-large wp-post-image\" alt=\"\" srcset=\"https:\/\/gabija.metamark-dev.com\/wp-content\/uploads\/COLD-EAST_SSen_Cold-East-foto-1-1024x683.jpg 1024w, https:\/\/gabija.metamark-dev.com\/wp-content\/uploads\/COLD-EAST_SSen_Cold-East-foto-1-300x200.jpg 300w\" sizes=\"(max-width: 1024px) 100vw, 1024px\" \/><\/a><\/div><\/div><div class=\"w-vwrapper usg_vwrapper_1 align_none valign_middle\" style=\"--vwrapper-gap:0.3rem\"><div class=\"w-post-elm post_title usg_post_title_1 entry-title color_link_inherit\"><a href=\"https:\/\/gabija.metamark-dev.com\/en\/cold-east\/\">Cold East<\/a><\/div><div class=\"w-post-elm post_custom_field usg_post_custom_field_1 type_text short_description color_link_inherit\"><a href=\"https:\/\/gabija.metamark-dev.com\/en\/cold-east\/\"><span class=\"w-post-elm-value\">Cold East is the second novel by Gabija Gru\u0161ait\u0117, telling the story of today through an inner transformation lens of thirty-year-olds.<\/span><\/a><\/div><\/div>\t\t<\/div>\r\n\t<\/article>\r\n\t<article class=\"w-grid-item size_1x1 custom-link post-306 post type-post status-publish format-standard has-post-thumbnail hentry category-books\" data-id=\"306\">\r\n\t\t<div class=\"w-grid-item-h\">\r\n\t\t\t\t\t\t\t<a href=\"https:\/\/www.leidyklalapas.lt\/products\/i-i-i-stasys-saltoka-ukr\"><\/a>\r\n\t\t\t\t\t\t<div class=\"w-vwrapper usg_vwrapper_2 align_none valign_top\"><div class=\"w-post-elm post_image usg_post_image_1 has_ratio\"><div style=\"padding-bottom:100%\"><\/div><a href=\"https:\/\/gabija.metamark-dev.com\/en\/stasys-saltoka-ukr\/\" aria-label=\"\u041a\u0440\u0438\u0436\u0430\u043d\u0438\u0439 \u0441\u0445i\u0434\u2026 \u043e\u0434\u0438\u043d \u0440i\u043a i\u0437 \u0436\u0438\u0442\u0442\u044f \u0421\u0442\u0430ci\u0441\u0430 \u0428\u0430\u043b\u0442\u043e\u043a\u0438\"><img loading=\"lazy\" decoding=\"async\" width=\"1024\" height=\"1024\" src=\"https:\/\/gabija.metamark-dev.com\/wp-content\/uploads\/LAPAS_Saltoka_web_1080x1080_9a7cf675-b0bb-489a-ad7f-eed4b169fc20-1024x1024.webp\" class=\"attachment-large size-large wp-post-image\" alt=\"\" srcset=\"https:\/\/gabija.metamark-dev.com\/wp-content\/uploads\/LAPAS_Saltoka_web_1080x1080_9a7cf675-b0bb-489a-ad7f-eed4b169fc20-1024x1024.webp 1024w, https:\/\/gabija.metamark-dev.com\/wp-content\/uploads\/LAPAS_Saltoka_web_1080x1080_9a7cf675-b0bb-489a-ad7f-eed4b169fc20-300x300.webp 300w, https:\/\/gabija.metamark-dev.com\/wp-content\/uploads\/LAPAS_Saltoka_web_1080x1080_9a7cf675-b0bb-489a-ad7f-eed4b169fc20-150x150.webp 150w, https:\/\/gabija.metamark-dev.com\/wp-content\/uploads\/LAPAS_Saltoka_web_1080x1080_9a7cf675-b0bb-489a-ad7f-eed4b169fc20.webp 1080w\" sizes=\"(max-width: 1024px) 100vw, 1024px\" \/><\/a><\/div><\/div><div class=\"w-vwrapper usg_vwrapper_1 align_none valign_middle\" style=\"--vwrapper-gap:0.3rem\"><div class=\"w-post-elm post_title usg_post_title_1 entry-title color_link_inherit\"><a href=\"https:\/\/gabija.metamark-dev.com\/en\/stasys-saltoka-ukr\/\">\u041a\u0440\u0438\u0436\u0430\u043d\u0438\u0439 \u0441\u0445i\u0434\u2026 \u043e\u0434\u0438\u043d \u0440i\u043a i\u0437 \u0436\u0438\u0442\u0442\u044f \u0421\u0442\u0430ci\u0441\u0430 \u0428\u0430\u043b\u0442\u043e\u043a\u0438<\/a><\/div><div class=\"w-post-elm post_custom_field usg_post_custom_field_1 type_text short_description color_link_inherit\"><a href=\"https:\/\/gabija.metamark-dev.com\/en\/stasys-saltoka-ukr\/\"><span class=\"w-post-elm-value\">\u041a\u0440\u0438\u0436\u0430\u043d\u0438\u0439 \u0441\u0445i\u0434\u2026 \u043e\u0434\u0438\u043d \u0440i\u043a i\u0437 \u0436\u0438\u0442\u0442\u044f \u0421\u0442\u0430ci\u0441\u0430 \u0428\u0430\u043b\u0442\u043e\u043a\u0438<\/span><\/a><\/div><\/div>\t\t<\/div>\r\n\t<\/article>\r\n\t<article class=\"w-grid-item size_1x1 custom-link post-305 post type-post status-publish format-standard has-post-thumbnail hentry category-books\" data-id=\"305\">\r\n\t\t<div class=\"w-grid-item-h\">\r\n\t\t\t\t\t\t\t<a href=\"https:\/\/www.leidyklalapas.lt\/products\/stasys-saltoka-gabija-grusaite-f\"><\/a>\r\n\t\t\t\t\t\t<div class=\"w-vwrapper usg_vwrapper_2 align_none valign_top\"><div class=\"w-post-elm post_image usg_post_image_1 has_ratio\"><div style=\"padding-bottom:100%\"><\/div><a href=\"https:\/\/gabija.metamark-dev.com\/en\/stasys-saltoka-vieneri-metai\/\" aria-label=\"Stasys \u0160altoka. Vieneri metai\"><img loading=\"lazy\" decoding=\"async\" width=\"1024\" height=\"682\" src=\"https:\/\/gabija.metamark-dev.com\/wp-content\/uploads\/stasys-saltoka_001-smallq-1024x682.jpg\" class=\"attachment-large size-large wp-post-image\" alt=\"\" srcset=\"https:\/\/gabija.metamark-dev.com\/wp-content\/uploads\/stasys-saltoka_001-smallq-1024x682.jpg 1024w, https:\/\/gabija.metamark-dev.com\/wp-content\/uploads\/stasys-saltoka_001-smallq-300x200.jpg 300w, https:\/\/gabija.metamark-dev.com\/wp-content\/uploads\/stasys-saltoka_001-smallq.jpg 1280w\" sizes=\"(max-width: 1024px) 100vw, 1024px\" \/><\/a><\/div><\/div><div class=\"w-vwrapper usg_vwrapper_1 align_none valign_middle\" style=\"--vwrapper-gap:0.3rem\"><div class=\"w-post-elm post_title usg_post_title_1 entry-title color_link_inherit\"><a href=\"https:\/\/gabija.metamark-dev.com\/en\/stasys-saltoka-vieneri-metai\/\">Stasys \u0160altoka. Vieneri metai<\/a><\/div><div class=\"w-post-elm post_custom_field usg_post_custom_field_1 type_text short_description color_link_inherit\"><a href=\"https:\/\/gabija.metamark-dev.com\/en\/stasys-saltoka-vieneri-metai\/\"><span class=\"w-post-elm-value\">Gabijos Gru\u0161ait\u0117s antrasis romanas \u201eStasys \u0160altoka. Vieneri metai\u201c \u2013 \u0161iandienos istorija apie vidin\u0119 trisde\u0161imtme\u0303\u010dio transformacij\u0105, <\/span><\/a><\/div><\/div>\t\t<\/div>\r\n\t<\/article>\r\n<\/div><div class=\"w-grid-preloader\">\t<div class=\"g-preloader type_1\">\r\n\t\t<div><\/div>\r\n\t<\/div>\r\n\t<\/div>\t<div class=\"w-grid-json hidden\" onclick='return {&quot;action&quot;:&quot;us_ajax_grid&quot;,&quot;ajax_url&quot;:&quot;https:\\\/\\\/gabija.metamark-dev.com\\\/wp-admin\\\/admin-ajax.php&quot;,&quot;infinite_scroll&quot;:0,&quot;max_num_pages&quot;:1,&quot;pagination&quot;:&quot;none&quot;,&quot;template_vars&quot;:{&quot;columns&quot;:&quot;3&quot;,&quot;exclude_items&quot;:&quot;none&quot;,&quot;img_size&quot;:&quot;default&quot;,&quot;ignore_items_size&quot;:0,&quot;items_layout&quot;:&quot;41&quot;,&quot;items_offset&quot;:&quot;1&quot;,&quot;load_animation&quot;:&quot;none&quot;,&quot;overriding_link&quot;:&quot;{\\&quot;url\\&quot;:\\&quot;\\&quot;}&quot;,&quot;post_id&quot;:0,&quot;query_args&quot;:{&quot;post_type&quot;:[&quot;post&quot;],&quot;post_status&quot;:[&quot;publish&quot;,&quot;acf-disabled&quot;],&quot;posts_per_page&quot;:&quot;21&quot;},&quot;orderby_query_args&quot;:{&quot;meta_query&quot;:{&quot;_orderby_custom_&quot;:{&quot;relation&quot;:&quot;OR&quot;,&quot;0&quot;:{&quot;compare&quot;:&quot;EXISTS&quot;,&quot;key&quot;:&quot;order&quot;,&quot;type&quot;:&quot;DECIMAL(10,3)&quot;},&quot;1&quot;:{&quot;compare&quot;:&quot;NOT EXISTS&quot;,&quot;key&quot;:&quot;order&quot;,&quot;type&quot;:&quot;DECIMAL(10,3)&quot;}}},&quot;orderby&quot;:&quot;order&quot;,&quot;order&quot;:&quot;ASC&quot;},&quot;type&quot;:&quot;grid&quot;,&quot;us_grid_ajax_index&quot;:1,&quot;us_grid_filter_params&quot;:[],&quot;us_grid_index&quot;:1,&quot;_us_grid_post_type&quot;:&quot;post&quot;,&quot;page_args&quot;:[],&quot;lang&quot;:&quot;en&quot;}}'><\/div>\r\n\t<\/div><\/div><\/div><\/div><\/div><\/section>\n","protected":false},"excerpt":{"rendered":"romanas \u2013 trisde\u0161imtme\u010di\u0173 karta \u2013 gyvenimo prasm\u0117s paie\u0161kos ir beprasmyb\u0117 Stasys \u0160altoka 29-ojo gimtadienio ryt\u0105 pabunda savo lovoje Niujorke su nepa\u017e\u012fstama moterimi ir supranta, kad jo dienos gerai atrodo tik per Instagram filtrus. Po fotogeni\u0161kais kasdienyb\u0117s pavir\u0161iais t\u016bno nerimas ir \u012f nugar\u0105 stuksena klausimas KOD\u0116L \u2013 k\u0105 the fuck daryt su savo gyvenimu? Stasys nusprend\u017eia...","protected":false},"author":1,"featured_media":0,"parent":0,"menu_order":0,"comment_status":"closed","ping_status":"open","template":"","meta":{"footnotes":""},"acf":[],"_links":{"self":[{"href":"https:\/\/gabija.metamark-dev.com\/en\/wp-json\/wp\/v2\/pages\/297"}],"collection":[{"href":"https:\/\/gabija.metamark-dev.com\/en\/wp-json\/wp\/v2\/pages"}],"about":[{"href":"https:\/\/gabija.metamark-dev.com\/en\/wp-json\/wp\/v2\/types\/page"}],"author":[{"embeddable":true,"href":"https:\/\/gabija.metamark-dev.com\/en\/wp-json\/wp\/v2\/users\/1"}],"replies":[{"embeddable":true,"href":"https:\/\/gabija.metamark-dev.com\/en\/wp-json\/wp\/v2\/comments?post=297"}],"version-history":[{"count":5,"href":"https:\/\/gabija.metamark-dev.com\/en\/wp-json\/wp\/v2\/pages\/297\/revisions"}],"predecessor-version":[{"id":350,"href":"https:\/\/gabija.metamark-dev.com\/en\/wp-json\/wp\/v2\/pages\/297\/revisions\/350"}],"wp:attachment":[{"href":"https:\/\/gabija.metamark-dev.com\/en\/wp-json\/wp\/v2\/media?parent=297"}],"curies":[{"name":"wp","href":"https:\/\/api.w.org\/{rel}","templated":true}]}}