{"id":299,"date":"2024-02-12T19:16:45","date_gmt":"2024-02-12T16:16:45","guid":{"rendered":"https:\/\/gabija.metamark-dev.com\/kontaktai\/"},"modified":"2024-03-14T18:11:19","modified_gmt":"2024-03-14T15:11:19","slug":"contacts","status":"publish","type":"page","link":"https:\/\/gabija.metamark-dev.com\/en\/contacts\/","title":{"rendered":"Contacts"},"content":{"rendered":"<section class=\"l-section wpb_row us_custom_e8b1eb05 height_large full_height valign_center width_full\"><div class=\"l-section-h i-cf\"><div class=\"g-cols vc_row via_grid cols_2 laptops-cols_inherit tablets-cols_inherit mobiles-cols_1 valign_top type_default stacking_default\" style=\"--gap:5rem;--laptops-gap:5rem;--tablets-gap:5rem;--mobiles-gap:3rem;\"><div class=\"wpb_column vc_column_container us_custom_43b35b9d\"><div class=\"vc_column-inner\"><h2 class=\"w-text\"><span class=\"w-text-h\"><span class=\"w-text-value\">Gabija Gru\u0161ait\u0117<\/span><\/span><\/h2><div class=\"w-separator size_custom with_line width_default thick_1 style_solid color_border align_center\" style=\"height:4vmax\"><div class=\"w-separator-h\"><\/div><\/div><div class=\"w-hwrapper valign_top wrap default_align_justify laptops_align_justify tablets_align_justify mobiles_align_left\" style=\"--hwrapper-gap:1.5rem\"><div class=\"w-iconbox us_custom_9386cda0 iconpos_left style_default color_contrast align_left no_text\"><a target=\"_blank\" href=\"https:\/\/www.goodreads.com\/author\/show\/5182799.Gabija_Gru_ait_\" class=\"w-iconbox-link\" aria-label=\"Goodreads\"><div class=\"w-iconbox-icon\" style=\"font-size:1.2rem;\"><i class=\"fab fa-goodreads\"><\/i><\/div><\/a><div class=\"w-iconbox-meta\"><a target=\"_blank\" href=\"https:\/\/www.goodreads.com\/author\/show\/5182799.Gabija_Gru_ait_\" class=\"w-iconbox-link\" aria-label=\"Goodreads\"><div class=\"w-iconbox-title\">Goodreads<\/div><\/a><\/div><\/div><div class=\"w-iconbox us_custom_9386cda0 iconpos_left style_default color_contrast align_left no_text\"><a target=\"_blank\" href=\"https:\/\/www.instagram.com\/gabijagrusaite\/\" class=\"w-iconbox-link\" aria-label=\"Instagram\"><div class=\"w-iconbox-icon\" style=\"font-size:1.2rem;\"><i class=\"fab fa-instagram\"><\/i><\/div><\/a><div class=\"w-iconbox-meta\"><a target=\"_blank\" href=\"https:\/\/www.instagram.com\/gabijagrusaite\/\" class=\"w-iconbox-link\" aria-label=\"Instagram\"><div class=\"w-iconbox-title\">Instagram<\/div><\/a><\/div><\/div><div class=\"w-iconbox us_custom_9386cda0 iconpos_left style_default color_contrast align_left no_text\"><a target=\"_blank\" href=\"https:\/\/www.facebook.com\/gabija.grusaite\" class=\"w-iconbox-link\" aria-label=\"Facebook\"><div class=\"w-iconbox-icon\" style=\"font-size:1.2rem;\"><i class=\"fab fa-facebook\"><\/i><\/div><\/a><div class=\"w-iconbox-meta\"><a target=\"_blank\" href=\"https:\/\/www.facebook.com\/gabija.grusaite\" class=\"w-iconbox-link\" aria-label=\"Facebook\"><div class=\"w-iconbox-title\">Facebook<\/div><\/a><\/div><\/div><div class=\"w-iconbox us_custom_9386cda0 iconpos_left style_default color_contrast align_left no_text\"><a href=\"mailto:info@gabijagrusaite.com\" class=\"w-iconbox-link\" aria-label=\"Email\"><div class=\"w-iconbox-icon\" style=\"font-size:1.2rem;\"><i class=\"far fa-envelope\"><\/i><\/div><\/a><div class=\"w-iconbox-meta\"><a href=\"mailto:info@gabijagrusaite.com\" class=\"w-iconbox-link\" aria-label=\"Email\"><div class=\"w-iconbox-title\">Email<\/div><\/a><\/div><\/div><\/div><div class=\"w-separator hide_on_mobiles size_custom\" style=\"height:3.5vmax\"><\/div><div class=\"w-text us_custom_ea2be81a hide_on_mobiles\"><span class=\"w-text-h\"><span class=\"w-text-value\">Gabija Gru\u0161ait\u0117 \u00a9 2024 All Rights Reserved<\/span><\/span><\/div><\/div><\/div><div class=\"wpb_column vc_column_container us_custom_e228681d\"><div class=\"vc_column-inner\"><h2 class=\"w-text\"><span class=\"w-text-h\"><span class=\"w-text-value\">Naujienlai\u0161kis<\/span><\/span><\/h2><div class=\"w-separator size_custom\" style=\"height:2.5vh\"><\/div><div class=\"w-popup w-btn-wrapper default_align_none laptops_align_none tablets_align_none mobiles_align_justify\"><button aria-label=\"Prenumeruoti\" class=\"w-popup-trigger type_btn w-btn us-btn-style_5\"><span class=\"w-btn-label\">Prenumeruoti<\/span><\/button><div class=\"w-popup-overlay\" style=\"background:rgba(0,0,0,0.70);\"><\/div><div class=\"w-popup-wrap layout_default\" style=\"--title-color:var(--color-content-heading);--title-bg-color:var(--color-content-bg-alt);--content-color:var(--color-content-text);--content-bg-color:var(--color-content-bg);--popup-border-radius:0.3rem;--popup-width:400px;--popup-padding:7%;\"><div class=\"w-popup-box animation_fadeIn closerpos_outside without_title\"><div class=\"w-popup-box-h\"><div class=\"w-popup-box-content\"><div class=\"wpforms-container wpforms-container-full wpforms-render-modern\" id=\"wpforms-132\"><form id=\"wpforms-form-132\" class=\"wpforms-validate wpforms-form wpforms-ajax-form\" data-formid=\"132\" method=\"post\" enctype=\"multipart\/form-data\" action=\"\/en\/wp-json\/wp\/v2\/pages\/299\" data-token=\"68c05c5705d1df0773409d79d27e9bc5\"><noscript class=\"wpforms-error-noscript\">Please enable JavaScript in your browser to complete this form.<\/noscript><div class=\"wpforms-hidden\" id=\"wpforms-error-noscript\">Please enable JavaScript in your browser to complete this form.<\/div><div class=\"wpforms-field-container\"><div id=\"wpforms-132-field_2-container\" class=\"wpforms-field wpforms-field-email\" data-field-id=\"2\"><input type=\"email\" id=\"wpforms-132-field_2\" class=\"wpforms-field-large wpforms-field-required\" name=\"wpforms[fields][2]\" placeholder=\"El. pa\u0161tas\" spellcheck=\"false\" aria-errormessage=\"wpforms-132-field_2-error\" required><\/div><div id=\"wpforms-132-field_4-container\" class=\"wpforms-field wpforms-field-checkbox\" data-field-id=\"4\"><fieldset><legend class=\"wpforms-field-label\">Su\u017einokite, kaip ir kam J\u016bs\u0173 duomenis naudosime, perskait\u0119 m\u016bs\u0173 Privatumo politik\u0105:  <span class=\"wpforms-required-label\" aria-hidden=\"true\">*<\/span><\/legend><ul id=\"wpforms-132-field_4\" class=\"wpforms-field-required\"><li class=\"choice-1 depth-1\"><input type=\"checkbox\" id=\"wpforms-132-field_4_1\" name=\"wpforms[fields][4][]\" value=\"Patvirtinu, kad su Privatumo politika susipa\u017einau ir su jomis sutinku.\" aria-errormessage=\"wpforms-132-field_4_1-error\" required ><label class=\"wpforms-field-label-inline\" for=\"wpforms-132-field_4_1\">Patvirtinu, kad su Privatumo politika susipa\u017einau ir su jomis sutinku.<\/label><\/li><\/ul><\/fieldset><\/div><\/div><!-- .wpforms-field-container --><div class=\"wpforms-submit-container\" ><input type=\"hidden\" name=\"wpforms[id]\" value=\"132\"><input type=\"hidden\" name=\"wpforms[author]\" value=\"1\"><button type=\"submit\" name=\"wpforms[submit]\" id=\"wpforms-submit-132\" class=\"wpforms-submit\" data-alt-text=\"Siun\u010diama...\" data-submit-text=\"Prenumeruoti\" aria-live=\"assertive\" value=\"wpforms-submit\">Prenumeruoti<\/button><img loading=\"lazy\" decoding=\"async\" src=\"https:\/\/gabija.metamark-dev.com\/wp-content\/plugins\/wpforms\/assets\/images\/submit-spin.svg\" class=\"wpforms-submit-spinner\" style=\"display: none;\" width=\"26\" height=\"26\" alt=\"Loading\"><\/div><\/form><\/div>  <!-- .wpforms-container --><\/p>\n<\/div><\/div><\/div><div class=\"w-popup-closer\"><\/div><\/div><\/div><div class=\"w-separator hide_on_default hide_on_laptops hide_on_tablets size_custom\" style=\"height:3.5vmax\"><\/div><div class=\"w-text us_custom_025665fb hide_on_default hide_on_laptops hide_on_tablets\"><span class=\"w-text-h\"><span class=\"w-text-value\">Gabija Gru\u0161ait\u0117 \u00a9 2024 All Rights Reserved<\/span><\/span><\/div><\/div><\/div><\/div><\/div><\/section>\n","protected":false},"excerpt":{"rendered":"Gabija Gru\u0161ait\u0117GoodreadsInstagramFacebookEmailGabija Gru\u0161ait\u0117 \u00a9 2024 All Rights ReservedNaujienlai\u0161kisPrenumeruotiPlease enable JavaScript in your browser to complete this form.Please enable JavaScript in your browser to complete this form.Su\u017einokite, kaip ir kam J\u016bs\u0173 duomenis naudosime, perskait\u0119 m\u016bs\u0173 Privatumo politik\u0105: *Patvirtinu, kad su Privatumo politika susipa\u017einau ir su jomis sutinku.Prenumeruoti Gabija Gru\u0161ait\u0117 \u00a9 2024 All Rights Reserved","protected":false},"author":1,"featured_media":0,"parent":0,"menu_order":0,"comment_status":"closed","ping_status":"closed","template":"","meta":{"footnotes":""},"acf":[],"_links":{"self":[{"href":"https:\/\/gabija.metamark-dev.com\/en\/wp-json\/wp\/v2\/pages\/299"}],"collection":[{"href":"https:\/\/gabija.metamark-dev.com\/en\/wp-json\/wp\/v2\/pages"}],"about":[{"href":"https:\/\/gabija.metamark-dev.com\/en\/wp-json\/wp\/v2\/types\/page"}],"author":[{"embeddable":true,"href":"https:\/\/gabija.metamark-dev.com\/en\/wp-json\/wp\/v2\/users\/1"}],"replies":[{"embeddable":true,"href":"https:\/\/gabija.metamark-dev.com\/en\/wp-json\/wp\/v2\/comments?post=299"}],"version-history":[{"count":2,"href":"https:\/\/gabija.metamark-dev.com\/en\/wp-json\/wp\/v2\/pages\/299\/revisions"}],"predecessor-version":[{"id":302,"href":"https:\/\/gabija.metamark-dev.com\/en\/wp-json\/wp\/v2\/pages\/299\/revisions\/302"}],"wp:attachment":[{"href":"https:\/\/gabija.metamark-dev.com\/en\/wp-json\/wp\/v2\/media?parent=299"}],"curies":[{"name":"wp","href":"https:\/\/api.w.org\/{rel}","templated":true}]}}